{"id":1642,"date":"2023-05-18T16:00:10","date_gmt":"2023-05-18T14:00:10","guid":{"rendered":"https:\/\/www.ibarbari.it\/?page_id=1642"},"modified":"2025-03-30T19:45:01","modified_gmt":"2025-03-30T17:45:01","slug":"linformazione-che-ti-rende-felice","status":"publish","type":"page","link":"https:\/\/www.ibarbari.it\/","title":{"rendered":"Chi Siamo"},"content":{"rendered":"\t\t<div data-elementor-type=\"wp-page\" data-elementor-id=\"1642\" class=\"elementor elementor-1642\">\n\t\t\t\t\t\t<div class=\"elementor-inner\">\n\t\t\t\t<div class=\"elementor-section-wrap\">\n\t\t\t\t\t\t\t\t\t<section class=\"elementor-section elementor-top-section elementor-element elementor-element-47884fd elementor-section-full_width elementor-section-height-min-height elementor-section-items-stretch elementor-section-height-default\" data-id=\"47884fd\" data-element_type=\"section\" data-settings=\"{&quot;background_background&quot;:&quot;video&quot;,&quot;background_video_link&quot;:&quot;https:\\\/\\\/youtu.be\\\/YD5hKyoOV1w&quot;}\">\n\t\t\t\t\t\t\t\t<div class=\"elementor-background-video-container elementor-hidden-phone\">\n\t\t\t\t\t\t\t\t\t\t\t\t\t<div class=\"elementor-background-video-embed\"><\/div>\n\t\t\t\t\t\t\t\t\t\t\t\t<\/div>\n\t\t\t\t\t\t\t\t\t<div class=\"elementor-background-overlay\"><\/div>\n\t\t\t\t\t\t\t<div class=\"elementor-container elementor-column-gap-no\">\n\t\t\t\t\t\t\t<div class=\"elementor-row\">\n\t\t\t\t\t<div class=\"elementor-column elementor-col-100 elementor-top-column elementor-element elementor-element-35c7fa9b\" data-id=\"35c7fa9b\" data-element_type=\"column\">\n\t\t\t<div class=\"elementor-column-wrap elementor-element-populated\">\n\t\t\t\t\t\t\t<div class=\"elementor-widget-wrap\">\n\t\t\t\t\t\t<div class=\"elementor-element elementor-element-687fd2b elementor-widget elementor-widget-spacer\" data-id=\"687fd2b\" data-element_type=\"widget\" data-widget_type=\"spacer.default\">\n\t\t\t\t<div class=\"elementor-widget-container\">\n\t\t\t\t\t<div class=\"elementor-spacer\">\n\t\t\t<div class=\"elementor-spacer-inner\"><\/div>\n\t\t<\/div>\n\t\t\t\t<\/div>\n\t\t\t\t<\/div>\n\t\t\t\t<div class=\"elementor-element elementor-element-44872e0b elementor-widget elementor-widget-heading\" data-id=\"44872e0b\" data-element_type=\"widget\" data-widget_type=\"heading.default\">\n\t\t\t\t<div class=\"elementor-widget-container\">\n\t\t\t<h1 class=\"elementor-heading-title elementor-size-default\">\"Fa ridere ma anche riflettere\" Cit.<\/h1>\t\t<\/div>\n\t\t\t\t<\/div>\n\t\t\t\t<div class=\"elementor-element elementor-element-36245ddb elementor-widget__width-initial elementor-widget elementor-widget-text-editor\" data-id=\"36245ddb\" data-element_type=\"widget\" data-widget_type=\"text-editor.default\">\n\t\t\t\t<div class=\"elementor-widget-container\">\n\t\t\t\t\t\t\t\t<div class=\"elementor-text-editor elementor-clearfix\">\n\t\t\t\t<p>ibarbari \u00e8 un brand nato, nel 2016, dalla creativit\u00e0 di <strong>Emanuele Venditti<\/strong> e <strong>Marco Nuzzi<\/strong>. Storytelling creativo, ironia e riflessioni.<\/p>\t\t\t\t\t<\/div>\n\t\t\t\t\t\t<\/div>\n\t\t\t\t<\/div>\n\t\t\t\t<div class=\"elementor-element elementor-element-ff65654 elementor-shape-circle e-grid-align-left e-grid-align-mobile-center elementor-grid-0 elementor-widget elementor-widget-social-icons\" data-id=\"ff65654\" data-element_type=\"widget\" data-widget_type=\"social-icons.default\">\n\t\t\t\t<div class=\"elementor-widget-container\">\n\t\t\t\t\t<div class=\"elementor-social-icons-wrapper elementor-grid\">\n\t\t\t\t\t\t\t<span class=\"elementor-grid-item\">\n\t\t\t\t\t<a class=\"elementor-icon elementor-social-icon elementor-social-icon-youtube elementor-repeater-item-d7c8234\" href=\"https:\/\/www.youtube.com\/c\/ibarbariit\" target=\"_blank\">\n\t\t\t\t\t\t<span class=\"elementor-screen-only\">Youtube<\/span>\n\t\t\t\t\t\t<i class=\"fab fa-youtube\"><\/i>\t\t\t\t\t<\/a>\n\t\t\t\t<\/span>\n\t\t\t\t\t\t\t<span class=\"elementor-grid-item\">\n\t\t\t\t\t<a class=\"elementor-icon elementor-social-icon elementor-social-icon-facebook elementor-repeater-item-fffa178\" href=\"https:\/\/www.facebook.com\/ibarbari.it\/\" target=\"_blank\">\n\t\t\t\t\t\t<span class=\"elementor-screen-only\">Facebook<\/span>\n\t\t\t\t\t\t<i class=\"fab fa-facebook\"><\/i>\t\t\t\t\t<\/a>\n\t\t\t\t<\/span>\n\t\t\t\t\t\t\t<span class=\"elementor-grid-item\">\n\t\t\t\t\t<a class=\"elementor-icon elementor-social-icon elementor-social-icon-tiktok elementor-repeater-item-a5bbfab\" href=\"https:\/\/www.tiktok.com\/@ibarbari.it?lang=it-IT\" target=\"_blank\">\n\t\t\t\t\t\t<span class=\"elementor-screen-only\">Tiktok<\/span>\n\t\t\t\t\t\t<i class=\"fab fa-tiktok\"><\/i>\t\t\t\t\t<\/a>\n\t\t\t\t<\/span>\n\t\t\t\t\t\t\t<span class=\"elementor-grid-item\">\n\t\t\t\t\t<a class=\"elementor-icon elementor-social-icon elementor-social-icon-instagram elementor-repeater-item-e27d37f\" href=\"https:\/\/www.instagram.com\/ibarbari.it\/?hl=it\" target=\"_blank\">\n\t\t\t\t\t\t<span class=\"elementor-screen-only\">Instagram<\/span>\n\t\t\t\t\t\t<i class=\"fab fa-instagram\"><\/i>\t\t\t\t\t<\/a>\n\t\t\t\t<\/span>\n\t\t\t\t\t<\/div>\n\t\t\t\t<\/div>\n\t\t\t\t<\/div>\n\t\t\t\t<div class=\"elementor-element elementor-element-27ce7fc5 elementor-mobile-align-center elementor-widget elementor-widget-button\" data-id=\"27ce7fc5\" data-element_type=\"widget\" data-widget_type=\"button.default\">\n\t\t\t\t<div class=\"elementor-widget-container\">\n\t\t\t\t\t<div class=\"elementor-button-wrapper\">\n\t\t\t<a href=\"https:\/\/www.ibarbari.it\/index.php\/contattaci-per-informazioni\/\" class=\"elementor-button-link elementor-button elementor-size-sm\" role=\"button\">\n\t\t\t\t\t\t<span class=\"elementor-button-content-wrapper\">\n\t\t\t\t\t\t<span class=\"elementor-button-text\">Per collaborazioni<\/span>\n\t\t<\/span>\n\t\t\t\t\t<\/a>\n\t\t<\/div>\n\t\t\t\t<\/div>\n\t\t\t\t<\/div>\n\t\t\t\t<div class=\"elementor-element elementor-element-10f918d9 elementor-absolute elementor-view-default elementor-invisible elementor-widget elementor-widget-icon\" data-id=\"10f918d9\" data-element_type=\"widget\" data-settings=\"{&quot;_position&quot;:&quot;absolute&quot;,&quot;_animation&quot;:&quot;slideInDown&quot;}\" data-widget_type=\"icon.default\">\n\t\t\t\t<div class=\"elementor-widget-container\">\n\t\t\t\t\t<div class=\"elementor-icon-wrapper\">\n\t\t\t<a class=\"elementor-icon elementor-animation-sink\" href=\"#next\">\n\t\t\t\t\t\t<\/a>\n\t\t<\/div>\n\t\t\t\t<\/div>\n\t\t\t\t<\/div>\n\t\t\t\t\t\t<\/div>\n\t\t\t\t\t<\/div>\n\t\t<\/div>\n\t\t\t\t\t\t\t\t<\/div>\n\t\t\t\t\t<\/div>\n\t\t<\/section>\n\t\t\t\t\t\t\t\t\t<\/div>\n\t\t\t<\/div>\n\t\t\t\t\t<\/div>\n\t\t","protected":false},"excerpt":{"rendered":"<p>&#8220;Fa ridere ma anche riflettere&#8221; Cit. ibarbari \u00e8 un brand nato, nel 2016, dalla creativit\u00e0 di Emanuele Venditti e Marco Nuzzi. Storytelling creativo, ironia e riflessioni. Youtube Facebook Tiktok Instagram Per collaborazioni<\/p>\n","protected":false},"author":3,"featured_media":0,"parent":0,"menu_order":0,"comment_status":"closed","ping_status":"closed","template":"","meta":{"om_disable_all_campaigns":false,"_monsterinsights_skip_tracking":false,"_monsterinsights_sitenote_active":false,"_monsterinsights_sitenote_note":"","_monsterinsights_sitenote_category":0,"_uf_show_specific_survey":0,"_uf_disable_surveys":false,"site-sidebar-layout":"no-sidebar","site-content-layout":"page-builder","ast-global-header-display":"","ast-banner-title-visibility":"","ast-main-header-display":"","ast-hfb-above-header-display":"","ast-hfb-below-header-display":"","ast-hfb-mobile-header-display":"","site-post-title":"disabled","ast-breadcrumbs-content":"","ast-featured-img":"disabled","footer-sml-layout":"","theme-transparent-header-meta":"","adv-header-id-meta":"","stick-header-meta":"","header-above-stick-meta":"","header-main-stick-meta":"","header-below-stick-meta":"","footnotes":""},"class_list":["post-1642","page","type-page","status-publish","hentry"],"aioseo_notices":[],"yoast_head":"<!-- This site is optimized with the Yoast SEO plugin v20.9 - https:\/\/yoast.com\/wordpress\/plugins\/seo\/ -->\n<title>ibarbari.it L&#039;informazione che conquista!<\/title>\n<meta name=\"description\" content=\"ibarbari.it L&#039;informazione che ti rende felice. Una risata rende felici le persone! Realizziamo product placement e social media marketing per il tuo brand. ibarbari.it \u00e8 un brand nato, nel 2016, dalla creativit\u00e0 di Emanuele Venditti e Marco Nuzzi. Narriamo storie divertenti del tuo marchio, e dei prodotti utilizzando la creativit\u00e0 per coinvolgere e persone.\" \/>\n<meta name=\"robots\" content=\"index, follow, max-snippet:-1, max-image-preview:large, max-video-preview:-1\" \/>\n<link rel=\"canonical\" href=\"https:\/\/www.ibarbari.it\/\" \/>\n<meta property=\"og:locale\" content=\"it_IT\" \/>\n<meta property=\"og:type\" content=\"article\" \/>\n<meta property=\"og:title\" content=\"ibarbari.it L&#039;informazione che conquista!\" \/>\n<meta property=\"og:description\" content=\"ibarbari.it L&#039;informazione che ti rende felice. Una risata rende felici le persone! Realizziamo product placement e social media marketing per il tuo brand. ibarbari.it \u00e8 un brand nato, nel 2016, dalla creativit\u00e0 di Emanuele Venditti e Marco Nuzzi. Narriamo storie divertenti del tuo marchio, e dei prodotti utilizzando la creativit\u00e0 per coinvolgere e persone.\" \/>\n<meta property=\"og:url\" content=\"https:\/\/www.ibarbari.it\/\" \/>\n<meta property=\"og:site_name\" content=\"ibarbari.it\" \/>\n<meta property=\"article:publisher\" content=\"https:\/\/www.facebook.com\/ibarbari.it\" \/>\n<meta property=\"article:modified_time\" content=\"2025-03-30T17:45:01+00:00\" \/>\n<meta name=\"twitter:card\" content=\"summary_large_image\" \/>\n<meta name=\"twitter:label1\" content=\"Tempo di lettura stimato\" \/>\n\t<meta name=\"twitter:data1\" content=\"1 minuto\" \/>\n<script type=\"application\/ld+json\" class=\"yoast-schema-graph\">{\"@context\":\"https:\/\/schema.org\",\"@graph\":[{\"@type\":\"WebPage\",\"@id\":\"https:\/\/www.ibarbari.it\/\",\"url\":\"https:\/\/www.ibarbari.it\/\",\"name\":\"ibarbari.it L&#039;informazione che conquista!\",\"isPartOf\":{\"@id\":\"https:\/\/www.ibarbari.it\/#website\"},\"datePublished\":\"2023-05-18T14:00:10+00:00\",\"dateModified\":\"2025-03-30T17:45:01+00:00\",\"description\":\"ibarbari.it L'informazione che ti rende felice. Una risata rende felici le persone! Realizziamo product placement e social media marketing per il tuo brand. ibarbari.it \u00e8 un brand nato, nel 2016, dalla creativit\u00e0 di Emanuele Venditti e Marco Nuzzi. Narriamo storie divertenti del tuo marchio, e dei prodotti utilizzando la creativit\u00e0 per coinvolgere e persone.\",\"breadcrumb\":{\"@id\":\"https:\/\/www.ibarbari.it\/#breadcrumb\"},\"inLanguage\":\"it-IT\",\"potentialAction\":[{\"@type\":\"ReadAction\",\"target\":[\"https:\/\/www.ibarbari.it\/\"]}]},{\"@type\":\"BreadcrumbList\",\"@id\":\"https:\/\/www.ibarbari.it\/#breadcrumb\",\"itemListElement\":[{\"@type\":\"ListItem\",\"position\":1,\"name\":\"Home\",\"item\":\"https:\/\/www.ibarbari.it\/\"},{\"@type\":\"ListItem\",\"position\":2,\"name\":\"Chi Siamo\"}]},{\"@type\":\"WebSite\",\"@id\":\"https:\/\/www.ibarbari.it\/#website\",\"url\":\"https:\/\/www.ibarbari.it\/\",\"name\":\"ibarbari.it\",\"description\":\"L&#039;informazione che conquista!\",\"publisher\":{\"@id\":\"https:\/\/www.ibarbari.it\/#organization\"},\"potentialAction\":[{\"@type\":\"SearchAction\",\"target\":{\"@type\":\"EntryPoint\",\"urlTemplate\":\"https:\/\/www.ibarbari.it\/?s={search_term_string}\"},\"query-input\":\"required name=search_term_string\"}],\"inLanguage\":\"it-IT\"},{\"@type\":\"Organization\",\"@id\":\"https:\/\/www.ibarbari.it\/#organization\",\"name\":\"iBarbari.it\",\"url\":\"https:\/\/www.ibarbari.it\/\",\"logo\":{\"@type\":\"ImageObject\",\"inLanguage\":\"it-IT\",\"@id\":\"https:\/\/www.ibarbari.it\/#\/schema\/logo\/image\/\",\"url\":\"https:\/\/www.ibarbari.it\/wp-content\/uploads\/2023\/05\/ibarbari_black.png\",\"contentUrl\":\"https:\/\/www.ibarbari.it\/wp-content\/uploads\/2023\/05\/ibarbari_black.png\",\"width\":4962,\"height\":3509,\"caption\":\"iBarbari.it\"},\"image\":{\"@id\":\"https:\/\/www.ibarbari.it\/#\/schema\/logo\/image\/\"},\"sameAs\":[\"https:\/\/www.facebook.com\/ibarbari.it\",\"https:\/\/www.instagram.com\/ibarbari.it\/\",\"https:\/\/www.youtube.com\/c\/iBarbariit\"]}]}<\/script>\n<!-- \/ Yoast SEO plugin. -->","yoast_head_json":{"title":"ibarbari.it L&#039;informazione che conquista!","description":"ibarbari.it L'informazione che ti rende felice. Una risata rende felici le persone! Realizziamo product placement e social media marketing per il tuo brand. ibarbari.it \u00e8 un brand nato, nel 2016, dalla creativit\u00e0 di Emanuele Venditti e Marco Nuzzi. Narriamo storie divertenti del tuo marchio, e dei prodotti utilizzando la creativit\u00e0 per coinvolgere e persone.","robots":{"index":"index","follow":"follow","max-snippet":"max-snippet:-1","max-image-preview":"max-image-preview:large","max-video-preview":"max-video-preview:-1"},"canonical":"https:\/\/www.ibarbari.it\/","og_locale":"it_IT","og_type":"article","og_title":"ibarbari.it L&#039;informazione che conquista!","og_description":"ibarbari.it L'informazione che ti rende felice. Una risata rende felici le persone! Realizziamo product placement e social media marketing per il tuo brand. ibarbari.it \u00e8 un brand nato, nel 2016, dalla creativit\u00e0 di Emanuele Venditti e Marco Nuzzi. Narriamo storie divertenti del tuo marchio, e dei prodotti utilizzando la creativit\u00e0 per coinvolgere e persone.","og_url":"https:\/\/www.ibarbari.it\/","og_site_name":"ibarbari.it","article_publisher":"https:\/\/www.facebook.com\/ibarbari.it","article_modified_time":"2025-03-30T17:45:01+00:00","twitter_card":"summary_large_image","twitter_misc":{"Tempo di lettura stimato":"1 minuto"},"schema":{"@context":"https:\/\/schema.org","@graph":[{"@type":"WebPage","@id":"https:\/\/www.ibarbari.it\/","url":"https:\/\/www.ibarbari.it\/","name":"ibarbari.it L&#039;informazione che conquista!","isPartOf":{"@id":"https:\/\/www.ibarbari.it\/#website"},"datePublished":"2023-05-18T14:00:10+00:00","dateModified":"2025-03-30T17:45:01+00:00","description":"ibarbari.it L'informazione che ti rende felice. Una risata rende felici le persone! Realizziamo product placement e social media marketing per il tuo brand. ibarbari.it \u00e8 un brand nato, nel 2016, dalla creativit\u00e0 di Emanuele Venditti e Marco Nuzzi. Narriamo storie divertenti del tuo marchio, e dei prodotti utilizzando la creativit\u00e0 per coinvolgere e persone.","breadcrumb":{"@id":"https:\/\/www.ibarbari.it\/#breadcrumb"},"inLanguage":"it-IT","potentialAction":[{"@type":"ReadAction","target":["https:\/\/www.ibarbari.it\/"]}]},{"@type":"BreadcrumbList","@id":"https:\/\/www.ibarbari.it\/#breadcrumb","itemListElement":[{"@type":"ListItem","position":1,"name":"Home","item":"https:\/\/www.ibarbari.it\/"},{"@type":"ListItem","position":2,"name":"Chi Siamo"}]},{"@type":"WebSite","@id":"https:\/\/www.ibarbari.it\/#website","url":"https:\/\/www.ibarbari.it\/","name":"ibarbari.it","description":"L&#039;informazione che conquista!","publisher":{"@id":"https:\/\/www.ibarbari.it\/#organization"},"potentialAction":[{"@type":"SearchAction","target":{"@type":"EntryPoint","urlTemplate":"https:\/\/www.ibarbari.it\/?s={search_term_string}"},"query-input":"required name=search_term_string"}],"inLanguage":"it-IT"},{"@type":"Organization","@id":"https:\/\/www.ibarbari.it\/#organization","name":"iBarbari.it","url":"https:\/\/www.ibarbari.it\/","logo":{"@type":"ImageObject","inLanguage":"it-IT","@id":"https:\/\/www.ibarbari.it\/#\/schema\/logo\/image\/","url":"https:\/\/www.ibarbari.it\/wp-content\/uploads\/2023\/05\/ibarbari_black.png","contentUrl":"https:\/\/www.ibarbari.it\/wp-content\/uploads\/2023\/05\/ibarbari_black.png","width":4962,"height":3509,"caption":"iBarbari.it"},"image":{"@id":"https:\/\/www.ibarbari.it\/#\/schema\/logo\/image\/"},"sameAs":["https:\/\/www.facebook.com\/ibarbari.it","https:\/\/www.instagram.com\/ibarbari.it\/","https:\/\/www.youtube.com\/c\/iBarbariit"]}]}},"_links":{"self":[{"href":"https:\/\/www.ibarbari.it\/index.php\/wp-json\/wp\/v2\/pages\/1642","targetHints":{"allow":["GET"]}}],"collection":[{"href":"https:\/\/www.ibarbari.it\/index.php\/wp-json\/wp\/v2\/pages"}],"about":[{"href":"https:\/\/www.ibarbari.it\/index.php\/wp-json\/wp\/v2\/types\/page"}],"author":[{"embeddable":true,"href":"https:\/\/www.ibarbari.it\/index.php\/wp-json\/wp\/v2\/users\/3"}],"replies":[{"embeddable":true,"href":"https:\/\/www.ibarbari.it\/index.php\/wp-json\/wp\/v2\/comments?post=1642"}],"version-history":[{"count":71,"href":"https:\/\/www.ibarbari.it\/index.php\/wp-json\/wp\/v2\/pages\/1642\/revisions"}],"predecessor-version":[{"id":1919,"href":"https:\/\/www.ibarbari.it\/index.php\/wp-json\/wp\/v2\/pages\/1642\/revisions\/1919"}],"wp:attachment":[{"href":"https:\/\/www.ibarbari.it\/index.php\/wp-json\/wp\/v2\/media?parent=1642"}],"curies":[{"name":"wp","href":"https:\/\/api.w.org\/{rel}","templated":true}]}}